{"id":1864,"date":"2021-02-11T04:43:25","date_gmt":"2021-02-11T03:43:25","guid":{"rendered":"https:\/\/shop.oxfam.it\/privacypolicy\/"},"modified":"2023-04-26T15:15:11","modified_gmt":"2023-04-26T13:15:11","slug":"privacypolicy","status":"publish","type":"page","link":"https:\/\/shop.oxfam.it\/en\/privacypolicy\/","title":{"rendered":"Privacy Policy"},"content":{"rendered":"<p><strong>INFORMATIVA PER IL TRATTAMENTO DEI DATI PERSONALI<\/strong> <strong>Oxfam Italia<\/strong>, con sede legale in Via C. Concini n. 19 &#8211; 52100 Arezzo (AR), CF 92006700519 mail <a href=\"mailto:privacy@oxfam.it\">privacy@oxfam.it<\/a> (in seguito, \u201cTitolare\u201d), in qualit\u00e0 di titolare del trattamento, la informa ai sensi degli artt.13-14 Regolamento UE n. 2016\/679 (in seguito, \u201cGDPR\u201d) che i suoi dati saranno trattati con le modalit\u00e0 e per le finalit\u00e0 seguenti:<\/p>\n<ol>\n<li><strong>Oggetto del Trattamento <\/strong><\/li>\n<\/ol>\n<p>Il Titolare tratta i dati personali, identificativi (ad esempio, nome, cognome, ragione sociale, indirizzo, telefono, e-mail, riferimenti bancari e di pagamento) \u2013 in seguito, \u201cdati personali\u201d o anche \u201cdati\u201d) da Lei comunicati per il perseguimento degli scopi e le finalit\u00e0 individuate nello Statuto dell\u2019associazione <a href=\"https:\/\/www.oxfamitalia.org\/wp-content\/uploads\/2017\/01\/Statuto-Oxfam-Italia.pdf\">https:\/\/www.oxfamitalia.org\/wp-content\/uploads\/2017\/01\/Statuto-Oxfam-Italia.pdf<\/a><\/p>\n<ol start=\"2\">\n<li><strong>Finalit\u00e0 del trattamento<\/strong><\/li>\n<\/ol>\n<p>I Suoi dati personali sono trattati: <strong>A)<\/strong> Senza il suo consenso espresso (art. 6 lett. b), e) GDPR), per le seguenti finalit\u00e0 di servizio:<\/p>\n<ol>\n<li>Adempiere a eventuali obblighi precontrattuali, contrattuali e fiscali derivanti da rapporti con lei in essere (a titolo indicativo contratti di lavoro, di servizio);<\/li>\n<li>Adempiere agli obblighi previsti dalla legge, da un regolamento, dalla normativa comunitaria o da un ordine dell\u2019Autorit\u00e0, necessari per la finalizzazione del contratto e per tutta la durata della collaborazione (come ad esempio in materia di antiriciclaggio, antiterrorismo e altre condotte contrarie alla normativa vigente);<\/li>\n<li>Esercitare i diritti di Oxfam Italia, ad esempio il diritto di difesa in giudizio.<\/li>\n<\/ol>\n<p><strong>B)<\/strong> Per lo svolgimento dell\u2019attivit\u00e0 sociale e gli scopi istituzionali di Oxfam Italia e nel rispetto delle Finalit\u00e0 di Legittimo Interesse di Marketing, cio\u00e8 funzionale al perseguimento di un legittimo interesse di Oxfam Italia adeguatamente contemperato con i suoi interessi, diritti e libert\u00e0 alla luce dei limiti imposti dalla presente normativa in materia di Privacy. Le Finalit\u00e0 di Legittimo Interesse di Marketing si applicano solo qualora abbia dato il consenso per il trattamento dei Suoi dati aderendo a una campagna, appello, attivit\u00e0 (a titolo indicativo formazione, seminario, convegno, evento) di Oxfam Italia o abbia effettuato una donazione\/RID, ecc. In questo caso i suoi dati potranno essere successivamente utilizzati per consolidare e mantenere costante il rapporto con Lei, inviandole tramite e-mail, posta cartacea e\/o contatti telefonici (anche tramite enti terzi e agenzie di telemarketing) comunicazioni, richieste di adesione ad appelli\/campagne\/donazioni\/RID, materiale e\/o newsletter sulle attivit\u00e0 e progetti gestiti da Oxfam Italia e per rilevazione del grado di soddisfazione sulla qualit\u00e0 del nostro operato. Il trattamento per Finalit\u00e0 di Legittimo Interesse di Marketing non \u00e8 obbligatorio e Lei potr\u00e0 opporsi a detto trattamento con le modalit\u00e0 di cui alla presente informativa riportate all\u2019art.8 Diritti dell\u2019interessato e all\u2019art.9 Modalit\u00e0 di esercizio dei diritti. La Finalit\u00e0 di Legittimo Interesse di Marketing non si applica laddove le attivit\u00e0 coinvolgano minori. <strong>C)<\/strong> Solo previo suo specifico consenso, per le seguenti finalit\u00e0:<\/p>\n<ol>\n<li>Gestione delle attivit\u00e0 o progetti di Oxfam Italia o in cui Oxfam Italia \u00e8 partner;<\/li>\n<li>Elaborazione di studi, ricerche e statistiche;<\/li>\n<li>Utilizzo delle immagini e\/o video raccolte durante formazioni, attivit\u00e0, eventi o convegno e\/o citazioni provenienti da eventuali interviste, in qualsiasi forma e a titolo gratuito in qualunque media, sito web, pubblicazione, articolo utile a promuovere gli scopi di Oxfam Italia. Le immagini potranno essere utilizzate nel mondo intero e in tutti gli ambiti (pubblicazioni, proiezioni, internet). Ne \u00e8 vietata altres\u00ec l\u2019uso in tutti i casi che ne pregiudichino l\u2019onore, la reputazione e il decoro della propria persona, ai sensi degli artt. 96 e 97 legge n\u00b0 633\/41 e art. 10 del codice civile.<\/li>\n<\/ol>\n<p>&nbsp;<\/p>\n<ol start=\"3\">\n<li><strong>Profilazione <\/strong><\/li>\n<\/ol>\n<p>La informiamo che vengono raccolte e salvate informazioni (tramite l\u2019utilizzo di cookie) e utilizzate risorse sul dispositivo dell\u2019utente, quando quest\u2019ultimo interagisce con il sito web di Oxfam Italia. Tali tecnologie sono sinteticamente definite \u201cStrumenti di tracciamento\u201d. Il sito web di Oxfam Italia utilizza Strumenti di tracciamento gestiti direttamente dal Titolare (comunemente detti Strumenti di tracciamento \u201cdi prima parte\u201d) e Strumenti di tracciamento che abilitano servizi forniti da terzi (comunemente detti Strumenti di tracciamento \u201cdi terza parte\u201d). \u00c8 possibile visionare la tipologia di Strumenti di tracciamento utilizzati nella Cookie Policy.<\/p>\n<ol start=\"4\">\n<li><strong>Modalit\u00e0 di trattamento e periodo di conservazione dei dati <\/strong><\/li>\n<\/ol>\n<p>Il trattamento dei suoi dati personali \u00e8 realizzato in riferimento alle operazioni indicate all\u2019art. 4 comma 2 del GDPR e precisamente: raccolta, registrazione, organizzazione, conservazione, consultazione, elaborazione, modificazione, selezione, estrazione, raffronto, utilizzo, interconnessione, blocco, comunicazione, cancellazione e distruzione dei dati. I suoi dati personali sono sottoposti a trattamento sia cartaceo che elettronico e\/o automatizzato. Il trattamento potr\u00e0 effettuarsi in forma cartacea ed elettronica e verr\u00e0 effettuato in modo da garantirne la sicurezza e la riservatezza dei dati in conformit\u00e0 alla legislazione vigente, ispirandosi ai principi di correttezza e liceit\u00e0 di trattamento. Oxfam Italia tratter\u00e0 i dati personali per il solo tempo necessario ad adempiere alle finalit\u00e0 di cui sopra e comunque per non oltre 10 anni dalla cessazione del rapporto per le finalit\u00e0 di servizio. Per le altre finalit\u00e0 i suoi dati verranno eliminati a seguito di sua richiesta.<\/p>\n<ol start=\"5\">\n<li><strong>Categorie di soggetti ai quali i dati possono essere comunicati<\/strong><\/li>\n<\/ol>\n<p>I Suoi dati potranno essere resi accessibili per le finalit\u00e0 di cui all\u2019art. 2.A), 2.B) e 2.C):<\/p>\n<ol>\n<li>A dipendenti e collaboratori di Oxfam Italia in Italia e all\u2019estero autorizzati al trattamento e ai collaboratori delle affiliate della Confederazione autorizzati al trattamento;<\/li>\n<li>Ai dipendenti e collaboratori di Oxfam Italia Intercultura in qualit\u00e0 di Responsabile Esterno al trattamento dei dati;<\/li>\n<li>A societ\u00e0 terze o altri soggetti (a titolo indicativo, istituti di credito, studi professionali, consulenti, societ\u00e0 di assicurazione per la prestazione di servizi assicurativi, enti formativi, societ\u00e0 di telemarketing, enti incaricati per la realizzazione o aggiornamento di gestionali aziendali, ecc) che svolgono attivit\u00e0 in outsourcing per conto di Oxfam Italia, nella loro qualit\u00e0 di Responsabile Esterno del trattamento dei dati.<\/li>\n<li>Enti Finanziatori e altri Enti coinvolti nelle attivit\u00e0 di rendicontazione dei progetti o delle attivit\u00e0;<\/li>\n<li>Altri soggetti come partner di progetto in Italia ed all\u2019Estero in qualit\u00e0 di Responsabili Esterni del trattamento dei dati.<\/li>\n<\/ol>\n<p>Senza la necessit\u00e0 di un espresso consenso (art. 6 lett. b) e c) GDPR), Oxfam Italia potr\u00e0 comunicare i Suoi dati a organismi di vigilanza, autorit\u00e0 giudiziarie, a societ\u00e0 di assicurazione per la prestazione di servizi assicurativi, nonch\u00e9 a quei soggetti ai quali la comunicazione sia obbligatoria per legge per l\u2019espletamento delle finalit\u00e0 dette. Detti soggetti tratteranno i dati nella loro qualit\u00e0 di autonomi titolari del trattamento.<\/p>\n<ol start=\"6\">\n<li><strong>Trasferimento dati <\/strong><\/li>\n<\/ol>\n<p>I dati personali sono conservati su server ubicati all\u2019interno dell\u2019Unione Europea. Resta in ogni caso inteso che il Titolare, ove si rendesse necessario, avr\u00e0 facolt\u00e0 di spostare i server anche in paesi extra-UE. In tal caso, il Titolare assicura sin d\u2019ora che il trasferimento dei dati in paesi extra-UE avverr\u00e0 in conformit\u00e0 alle disposizioni di legge applicabili, previa stipula delle clausole contrattuali standard previste dalla Commissione Europea.<\/p>\n<ol start=\"7\">\n<li><strong>Natura del conferimento dei dati e conseguenze del rifiuto di rispondere <\/strong><\/li>\n<\/ol>\n<p>Il conferimento dei dati per le finalit\u00e0 di cui all\u2019art. 2.A) \u00e8 obbligatorio. In loro assenza, non potremo garantirle i Servizi dell\u2019art. 2.A). Il conferimento dei dati per le finalit\u00e0 di cui all\u2019artt. 2.B e 2.C) \u00e8 invece facoltativo. Pu\u00f2 quindi decidere di non conferire alcun dato o di negare successivamente la possibilit\u00e0 di trattare dati gi\u00e0 forniti: in tal caso, non potr\u00e0 aderire alle attivit\u00e0 di Oxfam Italia, effettuare donazioni, ricevere newsletter, comunicazioni e materiale inerente alle attivit\u00e0 e i progetti di Oxfam Italia. Continuer\u00e0 comunque ad avere diritto ai Servizi di cui all\u2019art. 2.A).<\/p>\n<ol start=\"8\">\n<li><strong>Diritti dell\u2019interessato<\/strong><\/li>\n<\/ol>\n<p>Nella sua qualit\u00e0 di interessato, ha i diritti di cui agli art. 15-22 GDPR e precisamente i diritti di:<\/p>\n<ol>\n<li>ottenere la conferma dell&#8217;esistenza o meno di dati personali che La riguardano, anche se non ancora registrati, e la loro comunicazione in forma intelligibile;<\/li>\n<li>ottenere l&#8217;indicazione: a) dell&#8217;origine dei dati personali; b) delle finalit\u00e0 e modalit\u00e0 del trattamento; c) della logica applicata in caso di trattamento effettuato con l&#8217;ausilio di strumenti elettronici; d) degli estremi identificativi del titolare, dei responsabili e del rappresentante designato ai sensi art. 3, comma 1, GDPR; e) dei soggetti o delle categorie di soggetti ai quali i dati personali possono essere comunicati o che possono venirne a conoscenza in qualit\u00e0 di rappresentante designato nel territorio dello Stato, di responsabili o incaricati;<\/li>\n<li>ottenere: a) l&#8217;aggiornamento, la rettificazione ovvero, quando vi ha interesse, l&#8217;integrazione dei dati; b) la cancellazione, la trasformazione in forma anonima o il blocco dei dati trattati in violazione di legge, compresi quelli di cui non \u00e8 necessaria la conservazione in relazione agli scopi per i quali i dati sono stati raccolti o successivamente trattati; c) l&#8217;attestazione che le operazioni di cui alle lettere a) e b) sono state portate a conoscenza, anche per quanto riguarda il loro contenuto, di coloro ai quali i dati sono stati comunicati o diffusi, eccettuato il caso in cui tale adempimento si rivela impossibile o comporta un impiego di mezzi manifestamente sproporzionato rispetto al diritto tutelato;<\/li>\n<li>opporsi, in tutto o in parte: a) per motivi legittimi al trattamento dei dati personali che La riguardano, ancorch\u00e9 pertinenti allo scopo della raccolta; b) al trattamento di dati personali che La riguardano a fini di invio di materiale pubblicitario o di vendita diretta o per il compimento di ricerche di mercato o di comunicazione commerciale, mediante l\u2019uso di sistemi automatizzati di chiamata senza l\u2019intervento di un operatore mediante e-mail e\/o mediante modalit\u00e0 di marketing tradizionali mediante telefono e\/o posta cartacea. Si fa presente che il diritto di opposizione dell\u2019interessato, esposto al precedente punto b), per finalit\u00e0 di marketing diretto mediante modalit\u00e0 automatizzate si estende a quelle tradizionali e che comunque resta salva la possibilit\u00e0 per l\u2019interessato di esercitare il diritto di opposizione anche solo in 4 parte. Pertanto, l\u2019interessato pu\u00f2 decidere di ricevere solo comunicazioni mediante modalit\u00e0 tradizionali ovvero solo comunicazioni automatizzate oppure nessuna delle due tipologie di comunicazione;<\/li>\n<li>ove applicabili, ha altres\u00ec i diritti di cui agli artt. 16-21 GDPR (Diritto di rettifica, diritto all\u2019oblio, diritto di limitazione di trattamento, diritto alla portabilit\u00e0 dei dati, diritto di opposizione), nonch\u00e9 il diritto di reclamo all\u2019Autorit\u00e0 Garante.<\/li>\n<\/ol>\n<p>&nbsp;<\/p>\n<ol start=\"9\">\n<li><strong>Modalit\u00e0 di esercizio dei diritti <\/strong><\/li>\n<\/ol>\n<p>Potr\u00e0 in qualsiasi momento esercitare i diritti inviando:<\/p>\n<ol>\n<li>Una raccomandata A\/R al Responsabile del trattamento dei dati \u2013 Via Pierluigi da Palestrina, 26 R 50144 Firenze o inviando una mail a privacy@oxfam.it;<\/li>\n<li>Una e-mail all\u2019indirizzo <a href=\"mailto:unsuscribe@oxfam.it\">unsubscribe@oxfam.it<\/a> nel caso non voglia pi\u00f9 ricevere newsletter o una mail all\u2019indirizzo <a href=\"mailto:privacy@oxfam.it\">privacy@oxfam.it<\/a> per la cancellazione totale dei dati. In questo ultimo caso Oxfam Italia non potremmo pi\u00f9 ricevere o gestire le Sue donazioni.<\/li>\n<\/ol>\n<p>&nbsp;<\/p>\n<ol start=\"10\">\n<li><strong>Responsabile del trattamento e incaricati <\/strong><\/li>\n<\/ol>\n<p>L\u2019elenco aggiornato dei responsabili e degli incaricati al trattamento \u00e8 custodito presso la sede legale del Titolare del trattamento, per informazioni pu\u00f2 inviare una mail a <a href=\"mailto:privacy@oxfam.it\">privacy@oxfam.it<\/a><\/p>\n","protected":false},"excerpt":{"rendered":"<p>INFORMATIVA PER IL TRATTAMENTO DEI DATI PERSONALI Oxfam Italia, con sede legale in Via C. Concini n. 19 &#8211; 52100 Arezzo (AR), CF 92006700519 mail privacy@oxfam.it (in seguito, \u201cTitolare\u201d), in qualit\u00e0 di titolare del trattamento, la informa ai sensi degli artt.13-14 Regolamento UE n. 2016\/679 (in seguito, \u201cGDPR\u201d) che i suoi dati saranno trattati con [&hellip;]<\/p>\n","protected":false},"author":3,"featured_media":0,"parent":0,"menu_order":0,"comment_status":"closed","ping_status":"closed","template":"","meta":{"_acf_changed":false,"inline_featured_image":false,"footnotes":""},"class_list":["post-1864","page","type-page","status-publish","hentry"],"acf":[],"yoast_head":"<!-- This site is optimized with the Yoast SEO plugin v27.5 - https:\/\/yoast.com\/product\/yoast-seo-wordpress\/ -->\n<title>Privacy Policy - OXFAM Shop<\/title>\n<meta name=\"robots\" content=\"index, follow, max-snippet:-1, max-image-preview:large, max-video-preview:-1\" \/>\n<link rel=\"canonical\" href=\"https:\/\/shop.oxfam.it\/en\/privacypolicy\/\" \/>\n<meta property=\"og:locale\" content=\"en_US\" \/>\n<meta property=\"og:type\" content=\"article\" \/>\n<meta property=\"og:title\" content=\"Privacy Policy - OXFAM Shop\" \/>\n<meta property=\"og:description\" content=\"INFORMATIVA PER IL TRATTAMENTO DEI DATI PERSONALI Oxfam Italia, con sede legale in Via C. Concini n. 19 &#8211; 52100 Arezzo (AR), CF 92006700519 mail privacy@oxfam.it (in seguito, \u201cTitolare\u201d), in qualit\u00e0 di titolare del trattamento, la informa ai sensi degli artt.13-14 Regolamento UE n. 2016\/679 (in seguito, \u201cGDPR\u201d) che i suoi dati saranno trattati con [&hellip;]\" \/>\n<meta property=\"og:url\" content=\"https:\/\/shop.oxfam.it\/en\/privacypolicy\/\" \/>\n<meta property=\"og:site_name\" content=\"OXFAM Shop\" \/>\n<meta property=\"article:modified_time\" content=\"2023-04-26T13:15:11+00:00\" \/>\n<meta name=\"twitter:card\" content=\"summary_large_image\" \/>\n<script type=\"application\/ld+json\" class=\"yoast-schema-graph\">{\"@context\":\"https:\\\/\\\/schema.org\",\"@graph\":[{\"@type\":\"WebPage\",\"@id\":\"https:\\\/\\\/shop.oxfam.it\\\/en\\\/privacypolicy\\\/\",\"url\":\"https:\\\/\\\/shop.oxfam.it\\\/en\\\/privacypolicy\\\/\",\"name\":\"Privacy Policy - OXFAM Shop\",\"isPartOf\":{\"@id\":\"https:\\\/\\\/shop.oxfam.it\\\/#website\"},\"datePublished\":\"2021-02-11T03:43:25+00:00\",\"dateModified\":\"2023-04-26T13:15:11+00:00\",\"breadcrumb\":{\"@id\":\"https:\\\/\\\/shop.oxfam.it\\\/en\\\/privacypolicy\\\/#breadcrumb\"},\"inLanguage\":\"en-US\",\"potentialAction\":[{\"@type\":\"ReadAction\",\"target\":[\"https:\\\/\\\/shop.oxfam.it\\\/en\\\/privacypolicy\\\/\"]}]},{\"@type\":\"BreadcrumbList\",\"@id\":\"https:\\\/\\\/shop.oxfam.it\\\/en\\\/privacypolicy\\\/#breadcrumb\",\"itemListElement\":[{\"@type\":\"ListItem\",\"position\":1,\"name\":\"Home\",\"item\":\"https:\\\/\\\/shop.oxfam.it\\\/\"},{\"@type\":\"ListItem\",\"position\":2,\"name\":\"Privacy Policy\"}]},{\"@type\":\"WebSite\",\"@id\":\"https:\\\/\\\/shop.oxfam.it\\\/#website\",\"url\":\"https:\\\/\\\/shop.oxfam.it\\\/\",\"name\":\"OXFAM Shop\",\"description\":\"\",\"publisher\":{\"@id\":\"https:\\\/\\\/shop.oxfam.it\\\/#organization\"},\"potentialAction\":[{\"@type\":\"SearchAction\",\"target\":{\"@type\":\"EntryPoint\",\"urlTemplate\":\"https:\\\/\\\/shop.oxfam.it\\\/?s={search_term_string}\"},\"query-input\":{\"@type\":\"PropertyValueSpecification\",\"valueRequired\":true,\"valueName\":\"search_term_string\"}}],\"inLanguage\":\"en-US\"},{\"@type\":\"Organization\",\"@id\":\"https:\\\/\\\/shop.oxfam.it\\\/#organization\",\"name\":\"OXFAM Shop\",\"url\":\"https:\\\/\\\/shop.oxfam.it\\\/\",\"logo\":{\"@type\":\"ImageObject\",\"inLanguage\":\"en-US\",\"@id\":\"https:\\\/\\\/shop.oxfam.it\\\/#\\\/schema\\\/logo\\\/image\\\/\",\"url\":\"https:\\\/\\\/shop.oxfam.it\\\/wp-content\\\/uploads\\\/2021\\\/02\\\/logo.svg\",\"contentUrl\":\"https:\\\/\\\/shop.oxfam.it\\\/wp-content\\\/uploads\\\/2021\\\/02\\\/logo.svg\",\"width\":146,\"height\":55,\"caption\":\"OXFAM Shop\"},\"image\":{\"@id\":\"https:\\\/\\\/shop.oxfam.it\\\/#\\\/schema\\\/logo\\\/image\\\/\"}}]}<\/script>\n<!-- \/ Yoast SEO plugin. -->","yoast_head_json":{"title":"Privacy Policy - OXFAM Shop","robots":{"index":"index","follow":"follow","max-snippet":"max-snippet:-1","max-image-preview":"max-image-preview:large","max-video-preview":"max-video-preview:-1"},"canonical":"https:\/\/shop.oxfam.it\/en\/privacypolicy\/","og_locale":"en_US","og_type":"article","og_title":"Privacy Policy - OXFAM Shop","og_description":"INFORMATIVA PER IL TRATTAMENTO DEI DATI PERSONALI Oxfam Italia, con sede legale in Via C. Concini n. 19 &#8211; 52100 Arezzo (AR), CF 92006700519 mail privacy@oxfam.it (in seguito, \u201cTitolare\u201d), in qualit\u00e0 di titolare del trattamento, la informa ai sensi degli artt.13-14 Regolamento UE n. 2016\/679 (in seguito, \u201cGDPR\u201d) che i suoi dati saranno trattati con [&hellip;]","og_url":"https:\/\/shop.oxfam.it\/en\/privacypolicy\/","og_site_name":"OXFAM Shop","article_modified_time":"2023-04-26T13:15:11+00:00","twitter_card":"summary_large_image","schema":{"@context":"https:\/\/schema.org","@graph":[{"@type":"WebPage","@id":"https:\/\/shop.oxfam.it\/en\/privacypolicy\/","url":"https:\/\/shop.oxfam.it\/en\/privacypolicy\/","name":"Privacy Policy - OXFAM Shop","isPartOf":{"@id":"https:\/\/shop.oxfam.it\/#website"},"datePublished":"2021-02-11T03:43:25+00:00","dateModified":"2023-04-26T13:15:11+00:00","breadcrumb":{"@id":"https:\/\/shop.oxfam.it\/en\/privacypolicy\/#breadcrumb"},"inLanguage":"en-US","potentialAction":[{"@type":"ReadAction","target":["https:\/\/shop.oxfam.it\/en\/privacypolicy\/"]}]},{"@type":"BreadcrumbList","@id":"https:\/\/shop.oxfam.it\/en\/privacypolicy\/#breadcrumb","itemListElement":[{"@type":"ListItem","position":1,"name":"Home","item":"https:\/\/shop.oxfam.it\/"},{"@type":"ListItem","position":2,"name":"Privacy Policy"}]},{"@type":"WebSite","@id":"https:\/\/shop.oxfam.it\/#website","url":"https:\/\/shop.oxfam.it\/","name":"OXFAM Shop","description":"","publisher":{"@id":"https:\/\/shop.oxfam.it\/#organization"},"potentialAction":[{"@type":"SearchAction","target":{"@type":"EntryPoint","urlTemplate":"https:\/\/shop.oxfam.it\/?s={search_term_string}"},"query-input":{"@type":"PropertyValueSpecification","valueRequired":true,"valueName":"search_term_string"}}],"inLanguage":"en-US"},{"@type":"Organization","@id":"https:\/\/shop.oxfam.it\/#organization","name":"OXFAM Shop","url":"https:\/\/shop.oxfam.it\/","logo":{"@type":"ImageObject","inLanguage":"en-US","@id":"https:\/\/shop.oxfam.it\/#\/schema\/logo\/image\/","url":"https:\/\/shop.oxfam.it\/wp-content\/uploads\/2021\/02\/logo.svg","contentUrl":"https:\/\/shop.oxfam.it\/wp-content\/uploads\/2021\/02\/logo.svg","width":146,"height":55,"caption":"OXFAM Shop"},"image":{"@id":"https:\/\/shop.oxfam.it\/#\/schema\/logo\/image\/"}}]}},"_links":{"self":[{"href":"https:\/\/shop.oxfam.it\/en\/wp-json\/wp\/v2\/pages\/1864","targetHints":{"allow":["GET"]}}],"collection":[{"href":"https:\/\/shop.oxfam.it\/en\/wp-json\/wp\/v2\/pages"}],"about":[{"href":"https:\/\/shop.oxfam.it\/en\/wp-json\/wp\/v2\/types\/page"}],"author":[{"embeddable":true,"href":"https:\/\/shop.oxfam.it\/en\/wp-json\/wp\/v2\/users\/3"}],"replies":[{"embeddable":true,"href":"https:\/\/shop.oxfam.it\/en\/wp-json\/wp\/v2\/comments?post=1864"}],"version-history":[{"count":0,"href":"https:\/\/shop.oxfam.it\/en\/wp-json\/wp\/v2\/pages\/1864\/revisions"}],"wp:attachment":[{"href":"https:\/\/shop.oxfam.it\/en\/wp-json\/wp\/v2\/media?parent=1864"}],"curies":[{"name":"wp","href":"https:\/\/api.w.org\/{rel}","templated":true}]}}